{"id":2033,"date":"2022-06-06T17:08:43","date_gmt":"2022-06-06T17:08:43","guid":{"rendered":"https:\/\/goldenseaprovidence.com\/terminos-y-condiciones\/"},"modified":"2022-08-08T14:46:28","modified_gmt":"2022-08-08T14:46:28","slug":"terminos-y-condiciones","status":"publish","type":"page","link":"https:\/\/goldenseaprovidence.com\/es\/terminos-y-condiciones\/","title":{"rendered":"T\u00e9rminos y condiciones"},"content":{"rendered":"\t\t<div data-elementor-type=\"wp-page\" data-elementor-id=\"2033\" class=\"elementor elementor-2033 elementor-2011\" data-elementor-post-type=\"page\">\n\t\t\t\t\t\t<section class=\"elementor-section elementor-top-section elementor-element elementor-element-1f69ad07 elementor-section-height-min-height elementor-section-boxed elementor-section-height-default elementor-section-items-middle\" data-id=\"1f69ad07\" data-element_type=\"section\" data-e-type=\"section\">\n\t\t\t\t\t\t<div class=\"elementor-container elementor-column-gap-default\">\n\t\t\t\t\t<div class=\"elementor-column elementor-col-100 elementor-top-column elementor-element elementor-element-22ec1d95\" data-id=\"22ec1d95\" data-element_type=\"column\" data-e-type=\"column\">\n\t\t\t<div class=\"elementor-widget-wrap elementor-element-populated\">\n\t\t\t\t\t\t<div class=\"elementor-element elementor-element-c0bac95 elementor-widget elementor-widget-text-editor\" data-id=\"c0bac95\" data-element_type=\"widget\" data-e-type=\"widget\" data-widget_type=\"text-editor.default\">\n\t\t\t\t<div class=\"elementor-widget-container\">\n\t\t\t\t\t\t\t\t\t<h1 style=\"text-align: center;\"><span style=\"font-weight: 400;\"><strong>T\u00e9rminos y condiciones<\/strong><\/span><\/h1><div><p><b>Pol\u00edticas de reserva:<\/b><\/p><p><span style=\"font-weight: 400;\">Horario de Check-in (llegada): 3:00 p.m.<\/span><\/p><p><span style=\"font-weight: 400;\">Horario de Check-out (salida) : 12:00 p.m.<\/span><\/p><p><b>Politicas de pago y cancelaci\u00f3n:<\/b><\/p><ul><li style=\"font-weight: 400;\" aria-level=\"1\"><span style=\"font-weight: 400;\">Todas las reservas deben de ser garantizadas con el pago anticipado del 100% del valor del alojamiento<\/span><\/li><li style=\"font-weight: 400;\" aria-level=\"1\"><span style=\"font-weight: 400;\">En caso de que el hu\u00e9sped presente una salida anticipada del hotel, se cobrar\u00e1 el 100% del valor de la reserva<\/span><\/li><\/ul><p><b>Pol\u00edticas generales:<\/b><\/p><ul><li style=\"font-weight: 400;\" aria-level=\"1\"><span style=\"font-weight: 400;\">Es un requisito que al momento del registro en el hotel, se presente el documento de identidad para los usuarios que realizaron la reserva. Pasaporte para los extranjeros, c\u00e9dula de ciudadan\u00eda para colombianos y para los ni\u00f1os, tarjeta de identidad o registro civil \/ nacimiento.<\/span><\/li><li style=\"font-weight: 400;\" aria-level=\"1\"><span style=\"font-weight: 400;\">No se permite fumar en las habitaciones o \u00e1reas libres de humo, en caso de incumplir con la pol\u00edtica se cargar\u00e1 una penalidad de 150 US y adem\u00e1s, cargos adicionales por da\u00f1os en la habitaci\u00f3n a causa del incumplimiento.\u00a0<\/span><\/li><li style=\"font-weight: 400;\" aria-level=\"1\"><span style=\"font-weight: 400;\">Las camas adicionales est\u00e1n sujetas a disponibilidad y a la capacidad de la habitaci\u00f3n que se reserve, recomendamos confirmar previamente con el alojamiento.\u00a0<\/span><\/li><li style=\"font-weight: 400;\" aria-level=\"1\"><span style=\"font-weight: 400;\">El hue\u0301sped se abstiene del ingreso de armas de fuego y\/o explosivos dentro de las instalaciones del hotel.<\/span><\/li><\/ul><p><b>Politicas de cancelaciones por causas extremas:<\/b><span style=\"font-weight: 400;\">\u00a0<\/span><\/p><p><span style=\"font-weight: 400;\">Esta Pol\u00edtica explica c\u00f3mo se gestionan las cancelaciones cuando surgen eventos imprevistos fuera de tu control despu\u00e9s de hacer la reservaci\u00f3n y hacen que sea imposible o ilegal completarla. Esta pol\u00edtica se aplica a las reservaciones de espacios y experiencias.<\/span><\/p><p><span style=\"font-weight: 400;\">\u00a0Los hu\u00e9spedes que se vean afectados por un evento cubierto por esta Pol\u00edtica pueden cancelar <\/span><span style=\"font-weight: 400;\">sin consecuencias negativas<\/span><span style=\"font-weight: 400;\">, y recibir\u00e1n el reembolso de la plata:\u00a0<\/span><\/p><p><b>\u00bfCuales situaciones est\u00e1n cubiertas?<\/b><\/p><p><b><i>Cambios en los requisitos de un gobierno para viajar:<\/i><\/b><span style=\"font-weight: 400;\"> Cuando existen <\/span><span style=\"font-weight: 400;\">cambios inesperados en los requisitos de visa y pasaporte que son impuestos por una agencia gubernamental y que impidan viajar al destino. <\/span><span style=\"font-weight: 400;\">No se incluyen documentos perdidos o vencidos u otras circunstancias personales relacionadas con la autorizaci\u00f3n de viaje de un hu\u00e9sped.<\/span><\/p><p><b><i>Emergencias y epidemias ya declaradas:<\/i><\/b> <span style=\"font-weight: 400;\">Si el gobierno declara emergencias nacionales o locales, pandemias, epidemias, y emergencias de salud p\u00fablica. <\/span><span style=\"font-weight: 400;\">No se incluyen las enfermedades consideradas end\u00e9micas o asociadas com\u00fanmente con una zona determinada.<\/span><\/p><p><b><i>Restricciones gubernamentales de viajes<\/i><\/b><span style=\"font-weight: 400;\">.<\/span><span style=\"font-weight: 400;\"> Las restricciones de viaje que han sido impuestas por una agencia gubernamental y que impidan o proh\u00edban viajar, hospedarse o regresar desde la ubicaci\u00f3n de destino. <\/span><span style=\"font-weight: 400;\">No incluye alertas para viajeros no obligatorias ni consejos gubernamentales similares.<\/span><span style=\"font-weight: 400;\">\u00a0<\/span><\/p><p><b><i>Acciones militares y otros conflictos armados:\u00a0 <\/i><\/b><span style=\"font-weight: 400;\">invasiones , actos de guerra, guerra civil, enfrentamientos armados, terrorismo, explosiones, bombardeos, rebeliones, disturbios, insurrecci\u00f3n, desorden civil y disturbios civiles.\u00a0<\/span><\/p><p><b><i>Desastres naturales: <\/i><\/b><span style=\"font-weight: 400;\">desastres naturales, casos fortuitos, interrupciones a gran escala de servicios p\u00fablicos esenciales, erupciones volc\u00e1nicas, tsunamis y otros eventos clim\u00e1ticos graves y anormales. <\/span><span style=\"font-weight: 400;\">Esto no incluye <\/span><span style=\"font-weight: 400;\">condiciones climatol\u00f3gicas o naturales que son habituales y previsibles en una zona determinada<\/span><span style=\"font-weight: 400;\">, por ejemplo, los huracanes que ocurren durante la temporada de huracanes en Florida.<\/span><\/p><p><b>Pol\u00edtica de tratamiento de datos y privacidad:<\/b><\/p><p><i><span style=\"font-weight: 400;\">TRATAMIENTO AL CUAL SER\u00c1N SOMETIDOS LOS DATOS PERSONALES\/FINALIDADES:<\/span><\/i><\/p><p><span style=\"font-weight: 400;\">Usamos la informaci\u00f3n personal que usted nos suministra para prop\u00f3sitos que incluyen, pero no se limitan a:<\/span><\/p><ul><li><span style=\"font-weight: 400;\"> Utilizamos su direcci\u00f3n de correo electr\u00f3nico para ayudarlo a crear, administrar y mantener una cuenta en nuestros Servicios, para comunicarnos con usted, brindarle las actualizaciones o la informaci\u00f3n que solicita, responder a comentarios y preguntas.<\/span><\/li><li><span style=\"font-weight: 400;\"> Usamos su direcci\u00f3n de correo electr\u00f3nico y n\u00famero de tel\u00e9fono para enviarle alertas de seguridad, notificaciones de env\u00edo y otros mensajes administrativos y para brindar asistencia al cliente.<\/span><\/li><li><span style=\"font-weight: 400;\"> Informar y generar reservas, servicios o informaci\u00f3n.<\/span><\/li><li><span style=\"font-weight: 400;\"> Rastrear y confirmar las reservas y los pagos.<\/span><\/li><li><span style=\"font-weight: 400;\"> Administrar alg\u00fan programa de lealtad o fidelizaci\u00f3n<\/span><\/li><li><span style=\"font-weight: 400;\"> Brindar servicio al cliente, dar respuesta a peticiones , quejas o reclamos.<\/span><\/li><li><span style=\"font-weight: 400;\"> Administrar sorteos, promociones o encuestas.<\/span><\/li><li><span style=\"font-weight: 400;\"> Ofrecer nuevos productos y servicios.<\/span><\/li><li><span style=\"font-weight: 400;\"> Mejorar la efectividad de nuestros portal web, de nuestros esfuerzos de comercializaci\u00f3n y nuestros servicios y ofertas.<\/span><\/li><li><span style=\"font-weight: 400;\"> Llevar a cabo investigaciones y an\u00e1lisis con prop\u00f3sitos comerciales.<\/span><\/li><li><span style=\"font-weight: 400;\"> Evaluar la calidad de nuestros servicios y realizar estudios sobre h\u00e1bitos de consumo, preferencia, inter\u00e9s de compra, concepto, evaluaci\u00f3n del servicio, satisfacci\u00f3n y otras relacionadas con nuestros servicios o productos.<\/span><\/li><li><span style=\"font-weight: 400;\"> Enviar comunicaciones de comercializaci\u00f3n, ofertas o promociones.<\/span><\/li><li><span style=\"font-weight: 400;\"> Controlar y prevenir el fraude en todas sus modalidades.<\/span><\/li><li><span style=\"font-weight: 400;\"> Para monitorear y analizar tendencias, usos y actividades<\/span><\/li><li><span style=\"font-weight: 400;\"> Para facilitar transacciones y pagos;<\/span><\/li><li><span style=\"font-weight: 400;\"> Para registrar las compras que haya realizado a trav\u00e9s de nuestros Servicios.<\/span><\/li><li><span style=\"font-weight: 400;\"> Eventualmente se podr\u00e1 hacer consultas en bases de datos externas para garantizar la confiabilidad y conformidad de la informaci\u00f3n que el cliente proporciona.<\/span><\/li><li><span style=\"font-weight: 400;\"> Controlar y prevenir el fraude en todas sus modalidades.<\/span><\/li><\/ul><p><span style=\"font-weight: 400;\">Si usted nos proporciona informaci\u00f3n de otras personas, o si otras personas nos dan informaci\u00f3n sobre usted, solamente utilizaremos dicha informaci\u00f3n para la raz\u00f3n espec\u00edfica para la que se suministr\u00f3.\u00a0<\/span><\/p><p><span style=\"font-weight: 400;\">\u00a0\u00bfQU\u00c9 INFORMACI\u00d3N RECOPILAMOS?<\/span><\/p><ol><li><b><i> INFORMACI\u00d3N QUE BRINDA EL USUARIO:<\/i><\/b><\/li><\/ol><ul><li><span style=\"font-weight: 400;\"> Informaci\u00f3n de registro y perfil : Cuando crea una cuenta o realiza una reserva , le pedimos su nombre, apellidos, direcci\u00f3n de correo electr\u00f3nico, n\u00famero de tel\u00e9fono, n\u00famero de identificaci\u00f3n, informaci\u00f3n de pago o informaci\u00f3n demogr\u00e1fica<\/span><\/li><li><span style=\"font-weight: 400;\"> Informaci\u00f3n de pago: Cuando realice una reserva o compra, dependiendo de la opci\u00f3n de pago elegida, es posible que utilicemos un proveedor de servicios externo que maneje los pagos por nosotros de esta forma solo recibimos la informaci\u00f3n de aprobaci\u00f3n o rechazo de su pago . Los pagos que se realicen a trav\u00e9s del sitio ser\u00e1n procesados por nuestro agente de pagos en l\u00ednea MercadoPago o Paypal. solo se debe proporcionar su informaci\u00f3n en nuestro sitio. Dicha informaci\u00f3n debe ser precisa y veraz y debe mantenerse al d\u00eda. Si ocurre alg\u00fan cambio en sus datos, debe actualizarlos a trav\u00e9s de la p\u00e1gina \u201cMi cuenta\u201d en nuestro sitio web.<\/span><\/li><li><span style=\"font-weight: 400;\"><span style=\"font-weight: 400;\"> COMUNICACIONES: Si nos contacta directamente, podemos recibir informaci\u00f3n adicional sobre usted. Por ejemplo, cuando se comunique con nuestro equipo de customer care , recibiremos su nombre, direcci\u00f3n de correo electr\u00f3nico, n\u00famero de tel\u00e9fono, el contenido de un mensaje o archivos adjuntos que puede enviarnos y otra informaci\u00f3n que puede proporcionar. Tambi\u00e9n podemos grabar sus llamadas con nuestro equipo de Servicio al Cliente para manejar su consulta y para fines de capacitaci\u00f3n, investigaci\u00f3n y desarrollo de productos.<\/span><\/span><p>\u00a0<\/p><\/li><\/ul><ol><li><b><i> INFORMACI\u00d3N QUE RECOPILAMOS AL UTILIZAR NUESTRO SITIO:<\/i><\/b><\/li><\/ol><ul><li><span style=\"font-weight: 400;\"> Informaci\u00f3n de ubicaci\u00f3n: Cuando utiliza nuestros Servicios, recibimos su informaci\u00f3n de ubicaci\u00f3n precisa. Tambi\u00e9n inferimos su informaci\u00f3n de ubicaci\u00f3n m\u00e1s general (por ejemplo, su direcci\u00f3n IP puede indicar su regi\u00f3n geogr\u00e1fica m\u00e1s general).<\/span><\/li><li><span style=\"font-weight: 400;\"> Informaci\u00f3n del dispositivo: Recibimos informaci\u00f3n sobre el dispositivo y el software que utiliza para acceder a nuestros Servicios, incluida la direcci\u00f3n de protocolo de Internet (IP), el tipo de navegador web, la versi\u00f3n del sistema operativo, el operador de telefon\u00eda y el fabricante, las instalaciones de aplicaciones, los identificadores de dispositivos, los identificadores de publicidad m\u00f3vil y los tokens de notificaci\u00f3n de inserci\u00f3n.<\/span><\/li><li><span style=\"font-weight: 400;\"> Informaci\u00f3n de uso: Para ayudarnos a comprender c\u00f3mo utiliza nuestros servicios y ayudarnos a mejorarlos, recibimos autom\u00e1ticamente informaci\u00f3n sobre sus interacciones con nuestros Servicios, como las p\u00e1ginas u otro contenido que ve, las b\u00fasquedas que realiza, las compras que realiza y las fechas y horas de sus visitas.<\/span><\/li><li><span style=\"font-weight: 400;\"> Comentarios del usuario: Recibimos informaci\u00f3n sobre calificaciones y comentarios que usted publica cuando usa nuestros Servicios.<\/span><\/li><\/ul><\/div>\t\t\t\t\t\t\t\t<\/div>\n\t\t\t\t<\/div>\n\t\t\t\t\t<\/div>\n\t\t<\/div>\n\t\t\t\t\t<\/div>\n\t\t<\/section>\n\t\t\t\t<\/div>\n\t\t","protected":false},"excerpt":{"rendered":"<p>T\u00e9rminos y condiciones Pol\u00edticas de reserva: Horario de Check-in (llegada): 3:00 p.m. Horario de Check-out (salida) : 12:00 p.m. Politicas de pago y cancelaci\u00f3n: Todas las reservas deben de ser garantizadas con el pago anticipado del 100% del valor del alojamiento En caso de que el hu\u00e9sped presente una salida anticipada del hotel, se cobrar\u00e1 [&hellip;]<\/p>\n","protected":false},"author":1,"featured_media":0,"parent":0,"menu_order":0,"comment_status":"closed","ping_status":"closed","template":"elementor_theme","meta":{"_joinchat":[],"footnotes":""},"class_list":["post-2033","page","type-page","status-publish","hentry"],"yoast_head":"<!-- This site is optimized with the Yoast SEO Premium plugin v27.3 (Yoast SEO v27.3) - https:\/\/yoast.com\/product\/yoast-seo-premium-wordpress\/ -->\n<title>T\u00e9rminos y condiciones - Golden Sea Casa Boutique<\/title>\n<meta name=\"robots\" content=\"index, follow, max-snippet:-1, max-image-preview:large, max-video-preview:-1\" \/>\n<link rel=\"canonical\" href=\"https:\/\/goldenseaprovidence.com\/es\/terminos-y-condiciones\/\" \/>\n<meta property=\"og:locale\" content=\"es_ES\" \/>\n<meta property=\"og:type\" content=\"article\" \/>\n<meta property=\"og:title\" content=\"T\u00e9rminos y condiciones\" \/>\n<meta property=\"og:description\" content=\"T\u00e9rminos y condiciones Pol\u00edticas de reserva: Horario de Check-in (llegada): 3:00 p.m. Horario de Check-out (salida) : 12:00 p.m. Politicas de pago y cancelaci\u00f3n: Todas las reservas deben de ser garantizadas con el pago anticipado del 100% del valor del alojamiento En caso de que el hu\u00e9sped presente una salida anticipada del hotel, se cobrar\u00e1 [&hellip;]\" \/>\n<meta property=\"og:url\" content=\"https:\/\/goldenseaprovidence.com\/es\/terminos-y-condiciones\/\" \/>\n<meta property=\"og:site_name\" content=\"Golden Sea Casa Boutique\" \/>\n<meta property=\"article:modified_time\" content=\"2022-08-08T14:46:28+00:00\" \/>\n<meta name=\"twitter:card\" content=\"summary_large_image\" \/>\n<meta name=\"twitter:label1\" content=\"Tiempo de lectura\" \/>\n\t<meta name=\"twitter:data1\" content=\"6 minutos\" \/>\n<script type=\"application\/ld+json\" class=\"yoast-schema-graph\">{\"@context\":\"https:\\\/\\\/schema.org\",\"@graph\":[{\"@type\":\"WebPage\",\"@id\":\"https:\\\/\\\/goldenseaprovidence.com\\\/es\\\/terminos-y-condiciones\\\/\",\"url\":\"https:\\\/\\\/goldenseaprovidence.com\\\/es\\\/terminos-y-condiciones\\\/\",\"name\":\"T\u00e9rminos y condiciones - Golden Sea Casa Boutique\",\"isPartOf\":{\"@id\":\"https:\\\/\\\/goldenseaprovidence.com\\\/es\\\/#website\"},\"datePublished\":\"2022-06-06T17:08:43+00:00\",\"dateModified\":\"2022-08-08T14:46:28+00:00\",\"breadcrumb\":{\"@id\":\"https:\\\/\\\/goldenseaprovidence.com\\\/es\\\/terminos-y-condiciones\\\/#breadcrumb\"},\"inLanguage\":\"es\",\"potentialAction\":[{\"@type\":\"ReadAction\",\"target\":[\"https:\\\/\\\/goldenseaprovidence.com\\\/es\\\/terminos-y-condiciones\\\/\"]}]},{\"@type\":\"BreadcrumbList\",\"@id\":\"https:\\\/\\\/goldenseaprovidence.com\\\/es\\\/terminos-y-condiciones\\\/#breadcrumb\",\"itemListElement\":[{\"@type\":\"ListItem\",\"position\":1,\"name\":\"Home\",\"item\":\"https:\\\/\\\/goldenseaprovidence.com\\\/es\\\/\"},{\"@type\":\"ListItem\",\"position\":2,\"name\":\"T\u00e9rminos y condiciones\"}]},{\"@type\":\"WebSite\",\"@id\":\"https:\\\/\\\/goldenseaprovidence.com\\\/es\\\/#website\",\"url\":\"https:\\\/\\\/goldenseaprovidence.com\\\/es\\\/\",\"name\":\"Golden Sea Casa Boutique\",\"description\":\"Golden Sea Casa Boutique is located in the magical Island of Old Providence, where laid back luxury and caribbean vibes meet.\",\"publisher\":{\"@id\":\"https:\\\/\\\/goldenseaprovidence.com\\\/es\\\/#organization\"},\"potentialAction\":[{\"@type\":\"SearchAction\",\"target\":{\"@type\":\"EntryPoint\",\"urlTemplate\":\"https:\\\/\\\/goldenseaprovidence.com\\\/es\\\/?s={search_term_string}\"},\"query-input\":{\"@type\":\"PropertyValueSpecification\",\"valueRequired\":true,\"valueName\":\"search_term_string\"}}],\"inLanguage\":\"es\"},{\"@type\":\"Organization\",\"@id\":\"https:\\\/\\\/goldenseaprovidence.com\\\/es\\\/#organization\",\"name\":\"Golden Sea Casa Boutique\",\"url\":\"https:\\\/\\\/goldenseaprovidence.com\\\/es\\\/\",\"logo\":{\"@type\":\"ImageObject\",\"inLanguage\":\"es\",\"@id\":\"https:\\\/\\\/goldenseaprovidence.com\\\/es\\\/#\\\/schema\\\/logo\\\/image\\\/\",\"url\":\"\\\/wp-content\\\/uploads\\\/2022\\\/03\\\/Golden-Sea-logo-AI-1.png\",\"contentUrl\":\"\\\/wp-content\\\/uploads\\\/2022\\\/03\\\/Golden-Sea-logo-AI-1.png\",\"width\":1006,\"height\":721,\"caption\":\"Golden Sea Casa Boutique\"},\"image\":{\"@id\":\"https:\\\/\\\/goldenseaprovidence.com\\\/es\\\/#\\\/schema\\\/logo\\\/image\\\/\"},\"sameAs\":[\"https:\\\/\\\/instagram.com\\\/goldenseaprovidence?igshid=YmMyMTA2M2Y\",\"https:\\\/\\\/www.youtube.com\\\/channel\\\/UC1rvSWzaFVEQLWMWVcfclAw\"]}]}<\/script>\n<!-- \/ Yoast SEO Premium plugin. -->","yoast_head_json":{"title":"T\u00e9rminos y condiciones - Golden Sea Casa Boutique","robots":{"index":"index","follow":"follow","max-snippet":"max-snippet:-1","max-image-preview":"max-image-preview:large","max-video-preview":"max-video-preview:-1"},"canonical":"https:\/\/goldenseaprovidence.com\/es\/terminos-y-condiciones\/","og_locale":"es_ES","og_type":"article","og_title":"T\u00e9rminos y condiciones","og_description":"T\u00e9rminos y condiciones Pol\u00edticas de reserva: Horario de Check-in (llegada): 3:00 p.m. Horario de Check-out (salida) : 12:00 p.m. Politicas de pago y cancelaci\u00f3n: Todas las reservas deben de ser garantizadas con el pago anticipado del 100% del valor del alojamiento En caso de que el hu\u00e9sped presente una salida anticipada del hotel, se cobrar\u00e1 [&hellip;]","og_url":"https:\/\/goldenseaprovidence.com\/es\/terminos-y-condiciones\/","og_site_name":"Golden Sea Casa Boutique","article_modified_time":"2022-08-08T14:46:28+00:00","twitter_card":"summary_large_image","twitter_misc":{"Tiempo de lectura":"6 minutos"},"schema":{"@context":"https:\/\/schema.org","@graph":[{"@type":"WebPage","@id":"https:\/\/goldenseaprovidence.com\/es\/terminos-y-condiciones\/","url":"https:\/\/goldenseaprovidence.com\/es\/terminos-y-condiciones\/","name":"T\u00e9rminos y condiciones - Golden Sea Casa Boutique","isPartOf":{"@id":"https:\/\/goldenseaprovidence.com\/es\/#website"},"datePublished":"2022-06-06T17:08:43+00:00","dateModified":"2022-08-08T14:46:28+00:00","breadcrumb":{"@id":"https:\/\/goldenseaprovidence.com\/es\/terminos-y-condiciones\/#breadcrumb"},"inLanguage":"es","potentialAction":[{"@type":"ReadAction","target":["https:\/\/goldenseaprovidence.com\/es\/terminos-y-condiciones\/"]}]},{"@type":"BreadcrumbList","@id":"https:\/\/goldenseaprovidence.com\/es\/terminos-y-condiciones\/#breadcrumb","itemListElement":[{"@type":"ListItem","position":1,"name":"Home","item":"https:\/\/goldenseaprovidence.com\/es\/"},{"@type":"ListItem","position":2,"name":"T\u00e9rminos y condiciones"}]},{"@type":"WebSite","@id":"https:\/\/goldenseaprovidence.com\/es\/#website","url":"https:\/\/goldenseaprovidence.com\/es\/","name":"Golden Sea Casa Boutique","description":"Golden Sea Casa Boutique is located in the magical Island of Old Providence, where laid back luxury and caribbean vibes meet.","publisher":{"@id":"https:\/\/goldenseaprovidence.com\/es\/#organization"},"potentialAction":[{"@type":"SearchAction","target":{"@type":"EntryPoint","urlTemplate":"https:\/\/goldenseaprovidence.com\/es\/?s={search_term_string}"},"query-input":{"@type":"PropertyValueSpecification","valueRequired":true,"valueName":"search_term_string"}}],"inLanguage":"es"},{"@type":"Organization","@id":"https:\/\/goldenseaprovidence.com\/es\/#organization","name":"Golden Sea Casa Boutique","url":"https:\/\/goldenseaprovidence.com\/es\/","logo":{"@type":"ImageObject","inLanguage":"es","@id":"https:\/\/goldenseaprovidence.com\/es\/#\/schema\/logo\/image\/","url":"\/wp-content\/uploads\/2022\/03\/Golden-Sea-logo-AI-1.png","contentUrl":"\/wp-content\/uploads\/2022\/03\/Golden-Sea-logo-AI-1.png","width":1006,"height":721,"caption":"Golden Sea Casa Boutique"},"image":{"@id":"https:\/\/goldenseaprovidence.com\/es\/#\/schema\/logo\/image\/"},"sameAs":["https:\/\/instagram.com\/goldenseaprovidence?igshid=YmMyMTA2M2Y","https:\/\/www.youtube.com\/channel\/UC1rvSWzaFVEQLWMWVcfclAw"]}]}},"_links":{"self":[{"href":"https:\/\/goldenseaprovidence.com\/es\/wp-json\/wp\/v2\/pages\/2033","targetHints":{"allow":["GET"]}}],"collection":[{"href":"https:\/\/goldenseaprovidence.com\/es\/wp-json\/wp\/v2\/pages"}],"about":[{"href":"https:\/\/goldenseaprovidence.com\/es\/wp-json\/wp\/v2\/types\/page"}],"author":[{"embeddable":true,"href":"https:\/\/goldenseaprovidence.com\/es\/wp-json\/wp\/v2\/users\/1"}],"replies":[{"embeddable":true,"href":"https:\/\/goldenseaprovidence.com\/es\/wp-json\/wp\/v2\/comments?post=2033"}],"version-history":[{"count":0,"href":"https:\/\/goldenseaprovidence.com\/es\/wp-json\/wp\/v2\/pages\/2033\/revisions"}],"wp:attachment":[{"href":"https:\/\/goldenseaprovidence.com\/es\/wp-json\/wp\/v2\/media?parent=2033"}],"curies":[{"name":"wp","href":"https:\/\/api.w.org\/{rel}","templated":true}]}}