{"id":2054,"date":"2022-03-24T20:44:47","date_gmt":"2022-03-25T01:44:47","guid":{"rendered":"https:\/\/goldenseaprovidence.com\/como-llegar\/"},"modified":"2023-07-06T15:44:58","modified_gmt":"2023-07-06T20:44:58","slug":"como-llegar","status":"publish","type":"page","link":"https:\/\/goldenseaprovidence.com\/es\/como-llegar\/","title":{"rendered":"C\u00f3mo llegar"},"content":{"rendered":"\t\t<div data-elementor-type=\"wp-page\" data-elementor-id=\"2054\" class=\"elementor elementor-2054 elementor-121\" data-elementor-post-type=\"page\">\n\t\t\t\t\t\t<section class=\"elementor-section elementor-top-section elementor-element elementor-element-7dca0a50 elementor-section-height-min-height elementor-section-full_width elementor-section-items-stretch elementor-section-content-middle elementor-section-height-default\" data-id=\"7dca0a50\" data-element_type=\"section\" data-e-type=\"section\" data-settings=\"{&quot;background_background&quot;:&quot;classic&quot;}\">\n\t\t\t\t\t\t\t<div class=\"elementor-background-overlay\"><\/div>\n\t\t\t\t\t\t\t<div class=\"elementor-container elementor-column-gap-default\">\n\t\t\t\t\t<div class=\"elementor-column elementor-col-100 elementor-top-column elementor-element elementor-element-7cc2e4e1\" data-id=\"7cc2e4e1\" data-element_type=\"column\" data-e-type=\"column\">\n\t\t\t<div class=\"elementor-widget-wrap elementor-element-populated\">\n\t\t\t\t\t\t<div class=\"elementor-element elementor-element-2051bcee elementor-widget elementor-widget-heading\" data-id=\"2051bcee\" data-element_type=\"widget\" data-e-type=\"widget\" data-widget_type=\"heading.default\">\n\t\t\t\t<div class=\"elementor-widget-container\">\n\t\t\t\t\t<h1 class=\"elementor-heading-title elementor-size-default\">Llegar a <br>Golden Sea<\/h1>\t\t\t\t<\/div>\n\t\t\t\t<\/div>\n\t\t\t\t\t<\/div>\n\t\t<\/div>\n\t\t\t\t\t<\/div>\n\t\t<\/section>\n\t\t\t\t<section class=\"elementor-section elementor-top-section elementor-element elementor-element-42a19925 elementor-section-height-min-height elementor-section-boxed elementor-section-height-default elementor-section-items-middle\" data-id=\"42a19925\" data-element_type=\"section\" data-e-type=\"section\">\n\t\t\t\t\t\t<div class=\"elementor-container elementor-column-gap-default\">\n\t\t\t\t\t<div class=\"elementor-column elementor-col-50 elementor-top-column elementor-element elementor-element-4f0c1c32\" data-id=\"4f0c1c32\" data-element_type=\"column\" data-e-type=\"column\">\n\t\t\t<div class=\"elementor-widget-wrap elementor-element-populated\">\n\t\t\t\t\t\t<div class=\"elementor-element elementor-element-6270a32c elementor-widget elementor-widget-heading\" data-id=\"6270a32c\" data-element_type=\"widget\" data-e-type=\"widget\" data-widget_type=\"heading.default\">\n\t\t\t\t<div class=\"elementor-widget-container\">\n\t\t\t\t\t<h2 class=\"elementor-heading-title elementor-size-default\">Nuestra ubicaci\u00f3n<\/h2>\t\t\t\t<\/div>\n\t\t\t\t<\/div>\n\t\t\t\t<div class=\"elementor-element elementor-element-1bff9f99 elementor-widget elementor-widget-text-editor\" data-id=\"1bff9f99\" data-element_type=\"widget\" data-e-type=\"widget\" data-widget_type=\"text-editor.default\">\n\t\t\t\t<div class=\"elementor-widget-container\">\n\t\t\t\t\t\t\t\t\t<p>La Isla de Providencia, hist\u00f3ricamente Old Providence, es una isla monta\u00f1osa del Caribe colombiano que forma parte del Archipi\u00e9lago de San Andr\u00e9s, Providencia y Santa Catalina, y de la minicopa de Providencia y la Isla Santa Catalina, ubicada entre Costa Rica y Jamaica. La elevaci\u00f3n m\u00e1xima de Providencia es de 360 metros (1180 pies) sobre el nivel del mar.<\/p>\n<p><span style=\"font-weight: 400;\">Golden Sea Casa Boutique est\u00e1 ubicada en el sector de Aguamansa.<\/span><\/p>\t\t\t\t\t\t\t\t<\/div>\n\t\t\t\t<\/div>\n\t\t\t\t\t<\/div>\n\t\t<\/div>\n\t\t\t\t<div class=\"elementor-column elementor-col-50 elementor-top-column elementor-element elementor-element-46538b50\" data-id=\"46538b50\" data-element_type=\"column\" data-e-type=\"column\">\n\t\t\t<div class=\"elementor-widget-wrap elementor-element-populated\">\n\t\t\t\t\t\t<div class=\"elementor-element elementor-element-107e15cd elementor-widget elementor-widget-heading\" data-id=\"107e15cd\" data-element_type=\"widget\" data-e-type=\"widget\" data-widget_type=\"heading.default\">\n\t\t\t\t<div class=\"elementor-widget-container\">\n\t\t\t\t\t<h2 class=\"elementor-heading-title elementor-size-default\">Como llegar a Old Providence\n<\/h2>\t\t\t\t<\/div>\n\t\t\t\t<\/div>\n\t\t\t\t<div class=\"elementor-element elementor-element-146623be elementor-widget elementor-widget-text-editor\" data-id=\"146623be\" data-element_type=\"widget\" data-e-type=\"widget\" data-widget_type=\"text-editor.default\">\n\t\t\t\t<div class=\"elementor-widget-container\">\n\t\t\t\t\t\t\t\t\t<p>Llegar a Old Providence no es dif\u00edcil, primero debes tomar un vuelo a la Isla de San Andr\u00e9s, que cuenta con vuelos directos desde Bogot\u00e1, Cali, Cartagena y otras ciudades principales de Colombia. Para viajar desde San Andr\u00e9s a Providencia puedes tomar un vuelo corto y directo, o tomar el Catamar\u00e1n.<\/p>\t\t\t\t\t\t\t\t<\/div>\n\t\t\t\t<\/div>\n\t\t\t\t<div class=\"elementor-element elementor-element-27e9fe54 elementor-widget elementor-widget-heading\" data-id=\"27e9fe54\" data-element_type=\"widget\" data-e-type=\"widget\" data-widget_type=\"heading.default\">\n\t\t\t\t<div class=\"elementor-widget-container\">\n\t\t\t\t\t<h4 class=\"elementor-heading-title elementor-size-default\">Opciones de transporte<\/h4>\t\t\t\t<\/div>\n\t\t\t\t<\/div>\n\t\t\t\t<div class=\"elementor-element elementor-element-1fadca20 elementor-widget-divider--view-line elementor-widget elementor-widget-divider\" data-id=\"1fadca20\" data-element_type=\"widget\" data-e-type=\"widget\" data-widget_type=\"divider.default\">\n\t\t\t\t<div class=\"elementor-widget-container\">\n\t\t\t\t\t\t\t<div class=\"elementor-divider\">\n\t\t\t<span class=\"elementor-divider-separator\">\n\t\t\t\t\t\t<\/span>\n\t\t<\/div>\n\t\t\t\t\t\t<\/div>\n\t\t\t\t<\/div>\n\t\t\t\t<div class=\"elementor-element elementor-element-65586a8b elementor-widget elementor-widget-toggle\" data-id=\"65586a8b\" data-element_type=\"widget\" data-e-type=\"widget\" data-widget_type=\"toggle.default\">\n\t\t\t\t<div class=\"elementor-widget-container\">\n\t\t\t\t\t\t\t<div class=\"elementor-toggle\">\n\t\t\t\t\t\t\t<div class=\"elementor-toggle-item\">\n\t\t\t\t\t<div id=\"elementor-tab-title-1701\" class=\"elementor-tab-title\" data-tab=\"1\" role=\"button\" aria-controls=\"elementor-tab-content-1701\" aria-expanded=\"false\">\n\t\t\t\t\t\t\t\t\t\t\t\t<span class=\"elementor-toggle-icon elementor-toggle-icon-right\" aria-hidden=\"true\">\n\t\t\t\t\t\t\t\t\t\t\t\t\t\t\t<span class=\"elementor-toggle-icon-closed\"><svg xmlns=\"http:\/\/www.w3.org\/2000\/svg\" id=\"bd542f2f-6015-460c-8d29-0d609d17b68f\" data-name=\"Layer 1\" width=\"18\" height=\"18\" viewBox=\"0 0 18 18\"><polygon points=\"18 8.5 9 8.5 9 0 8 0 8 8.5 0 8.5 0 9.5 8 9.5 8 18 9 18 9 9.5 18 9.5 18 8.5\"><\/polygon><\/svg><\/span>\n\t\t\t\t\t\t\t\t<span class=\"elementor-toggle-icon-opened\"><svg xmlns=\"http:\/\/www.w3.org\/2000\/svg\" id=\"ac28cbbc-279e-4067-86f4-e234b04c5a7e\" data-name=\"Layer 1\" width=\"18\" height=\"1\" viewBox=\"0 0 18 1\"><rect width=\"18\" height=\"1\"><\/rect><\/svg><\/span>\n\t\t\t\t\t\t\t\t\t\t\t\t\t<\/span>\n\t\t\t\t\t\t\t\t\t\t\t\t<a class=\"elementor-toggle-title\" tabindex=\"0\">Vuelos<\/a>\n\t\t\t\t\t<\/div>\n\n\t\t\t\t\t<div id=\"elementor-tab-content-1701\" class=\"elementor-tab-content elementor-clearfix\" data-tab=\"1\" role=\"region\" aria-labelledby=\"elementor-tab-title-1701\"><ul><li>Satena: <a href=\"https:\/\/www.satena.com\/\">www.satena.com<\/a><\/li><li>Tiempo estimado: 20 minutos<br \/>Vistas espectaculares de las aguas cristalinas, las enormes monta\u00f1as y los arrecifes de corales v\u00edrgenes.\u00a0 El costo promedio de un vuelo de ida y vuelta es de alrededor de $500,000 pesos colombianos.<\/li><\/ul><\/div>\n\t\t\t\t<\/div>\n\t\t\t\t\t\t\t<div class=\"elementor-toggle-item\">\n\t\t\t\t\t<div id=\"elementor-tab-title-1702\" class=\"elementor-tab-title\" data-tab=\"2\" role=\"button\" aria-controls=\"elementor-tab-content-1702\" aria-expanded=\"false\">\n\t\t\t\t\t\t\t\t\t\t\t\t<span class=\"elementor-toggle-icon elementor-toggle-icon-right\" aria-hidden=\"true\">\n\t\t\t\t\t\t\t\t\t\t\t\t\t\t\t<span class=\"elementor-toggle-icon-closed\"><svg xmlns=\"http:\/\/www.w3.org\/2000\/svg\" id=\"bd542f2f-6015-460c-8d29-0d609d17b68f\" data-name=\"Layer 1\" width=\"18\" height=\"18\" viewBox=\"0 0 18 18\"><polygon points=\"18 8.5 9 8.5 9 0 8 0 8 8.5 0 8.5 0 9.5 8 9.5 8 18 9 18 9 9.5 18 9.5 18 8.5\"><\/polygon><\/svg><\/span>\n\t\t\t\t\t\t\t\t<span class=\"elementor-toggle-icon-opened\"><svg xmlns=\"http:\/\/www.w3.org\/2000\/svg\" id=\"ac28cbbc-279e-4067-86f4-e234b04c5a7e\" data-name=\"Layer 1\" width=\"18\" height=\"1\" viewBox=\"0 0 18 1\"><rect width=\"18\" height=\"1\"><\/rect><\/svg><\/span>\n\t\t\t\t\t\t\t\t\t\t\t\t\t<\/span>\n\t\t\t\t\t\t\t\t\t\t\t\t<a class=\"elementor-toggle-title\" tabindex=\"0\">Catamar\u00e1n<\/a>\n\t\t\t\t\t<\/div>\n\n\t\t\t\t\t<div id=\"elementor-tab-content-1702\" class=\"elementor-tab-content elementor-clearfix\" data-tab=\"2\" role=\"region\" aria-labelledby=\"elementor-tab-title-1702\"><ul><li>Empresa: Conocemos Navegando<\/li><li>Tiempo estimado: 3 horas<\/li><li>Los visitantes pueden reservar boletos directamente en su sitio web, la frecuencia de los ferries entre San Andr\u00e9s y Providencia puede variar de una temporada a otra y pueden llenarse r\u00e1pidamente durante la temporada alta. Los boletos de ferry pueden rondar los $300.000 pesos colombianos. Sin embargo, en temporada alta como enero, febrero y julio, el precio puede duplicarse.<\/li><\/ul><\/div>\n\t\t\t\t<\/div>\n\t\t\t\t\t\t\t\t<\/div>\n\t\t\t\t\t\t<\/div>\n\t\t\t\t<\/div>\n\t\t\t\t\t<\/div>\n\t\t<\/div>\n\t\t\t\t\t<\/div>\n\t\t<\/section>\n\t\t\t\t<section class=\"elementor-section elementor-top-section elementor-element elementor-element-3b64429e elementor-section-content-middle elementor-section-full_width elementor-section-height-min-height elementor-section-height-default elementor-section-items-middle\" data-id=\"3b64429e\" data-element_type=\"section\" data-e-type=\"section\">\n\t\t\t\t\t\t<div class=\"elementor-container elementor-column-gap-no\">\n\t\t\t\t\t<div class=\"elementor-column elementor-col-100 elementor-top-column elementor-element elementor-element-562b1b52\" data-id=\"562b1b52\" data-element_type=\"column\" data-e-type=\"column\">\n\t\t\t<div class=\"elementor-widget-wrap elementor-element-populated\">\n\t\t\t\t\t\t<div class=\"elementor-element elementor-element-70f6d1db elementor-widget elementor-widget-google_maps\" data-id=\"70f6d1db\" data-element_type=\"widget\" data-e-type=\"widget\" data-widget_type=\"google_maps.default\">\n\t\t\t\t<div class=\"elementor-widget-container\">\n\t\t\t\t\t\t\t<div class=\"elementor-custom-embed\">\n\t\t\t<iframe loading=\"lazy\"\n\t\t\t\t\tsrc=\"https:\/\/maps.google.com\/maps?q=golden%20sea%20casa%20boutique%20providencia&#038;t=m&#038;z=18&#038;output=embed&#038;iwloc=near\"\n\t\t\t\t\ttitle=\"golden sea casa boutique providencia\"\n\t\t\t\t\taria-label=\"golden sea casa boutique providencia\"\n\t\t\t><\/iframe>\n\t\t<\/div>\n\t\t\t\t\t\t<\/div>\n\t\t\t\t<\/div>\n\t\t\t\t<div class=\"elementor-element elementor-element-7821f43 elementor-shape-rounded elementor-grid-0 e-grid-align-center elementor-widget elementor-widget-social-icons\" data-id=\"7821f43\" data-element_type=\"widget\" data-e-type=\"widget\" data-widget_type=\"social-icons.default\">\n\t\t\t\t<div class=\"elementor-widget-container\">\n\t\t\t\t\t\t\t<div class=\"elementor-social-icons-wrapper elementor-grid\" role=\"list\">\n\t\t\t\t\t\t\t<span class=\"elementor-grid-item\" role=\"listitem\">\n\t\t\t\t\t<a class=\"elementor-icon elementor-social-icon elementor-social-icon-facebook-f elementor-animation-grow elementor-repeater-item-9c86cde\" target=\"_blank\">\n\t\t\t\t\t\t<span class=\"elementor-screen-only\">Facebook-f<\/span>\n\t\t\t\t\t\t<svg aria-hidden=\"true\" class=\"e-font-icon-svg e-fab-facebook-f\" viewBox=\"0 0 320 512\" xmlns=\"http:\/\/www.w3.org\/2000\/svg\"><path d=\"M279.14 288l14.22-92.66h-88.91v-60.13c0-25.35 12.42-50.06 52.24-50.06h40.42V6.26S260.43 0 225.36 0c-73.22 0-121.08 44.38-121.08 124.72v70.62H22.89V288h81.39v224h100.17V288z\"><\/path><\/svg>\t\t\t\t\t<\/a>\n\t\t\t\t<\/span>\n\t\t\t\t\t\t\t<span class=\"elementor-grid-item\" role=\"listitem\">\n\t\t\t\t\t<a class=\"elementor-icon elementor-social-icon elementor-social-icon-twitter elementor-animation-grow elementor-repeater-item-7f0e5c7\" target=\"_blank\">\n\t\t\t\t\t\t<span class=\"elementor-screen-only\">Twitter<\/span>\n\t\t\t\t\t\t<svg aria-hidden=\"true\" class=\"e-font-icon-svg e-fab-twitter\" viewBox=\"0 0 512 512\" xmlns=\"http:\/\/www.w3.org\/2000\/svg\"><path d=\"M459.37 151.716c.325 4.548.325 9.097.325 13.645 0 138.72-105.583 298.558-298.558 298.558-59.452 0-114.68-17.219-161.137-47.106 8.447.974 16.568 1.299 25.34 1.299 49.055 0 94.213-16.568 130.274-44.832-46.132-.975-84.792-31.188-98.112-72.772 6.498.974 12.995 1.624 19.818 1.624 9.421 0 18.843-1.3 27.614-3.573-48.081-9.747-84.143-51.98-84.143-102.985v-1.299c13.969 7.797 30.214 12.67 47.431 13.319-28.264-18.843-46.781-51.005-46.781-87.391 0-19.492 5.197-37.36 14.294-52.954 51.655 63.675 129.3 105.258 216.365 109.807-1.624-7.797-2.599-15.918-2.599-24.04 0-57.828 46.782-104.934 104.934-104.934 30.213 0 57.502 12.67 76.67 33.137 23.715-4.548 46.456-13.32 66.599-25.34-7.798 24.366-24.366 44.833-46.132 57.827 21.117-2.273 41.584-8.122 60.426-16.243-14.292 20.791-32.161 39.308-52.628 54.253z\"><\/path><\/svg>\t\t\t\t\t<\/a>\n\t\t\t\t<\/span>\n\t\t\t\t\t\t\t<span class=\"elementor-grid-item\" role=\"listitem\">\n\t\t\t\t\t<a class=\"elementor-icon elementor-social-icon elementor-social-icon-instagram elementor-animation-grow elementor-repeater-item-7b9d1bc\" target=\"_blank\">\n\t\t\t\t\t\t<span class=\"elementor-screen-only\">Instagram<\/span>\n\t\t\t\t\t\t<svg aria-hidden=\"true\" class=\"e-font-icon-svg e-fab-instagram\" viewBox=\"0 0 448 512\" xmlns=\"http:\/\/www.w3.org\/2000\/svg\"><path d=\"M224.1 141c-63.6 0-114.9 51.3-114.9 114.9s51.3 114.9 114.9 114.9S339 319.5 339 255.9 287.7 141 224.1 141zm0 189.6c-41.1 0-74.7-33.5-74.7-74.7s33.5-74.7 74.7-74.7 74.7 33.5 74.7 74.7-33.6 74.7-74.7 74.7zm146.4-194.3c0 14.9-12 26.8-26.8 26.8-14.9 0-26.8-12-26.8-26.8s12-26.8 26.8-26.8 26.8 12 26.8 26.8zm76.1 27.2c-1.7-35.9-9.9-67.7-36.2-93.9-26.2-26.2-58-34.4-93.9-36.2-37-2.1-147.9-2.1-184.9 0-35.8 1.7-67.6 9.9-93.9 36.1s-34.4 58-36.2 93.9c-2.1 37-2.1 147.9 0 184.9 1.7 35.9 9.9 67.7 36.2 93.9s58 34.4 93.9 36.2c37 2.1 147.9 2.1 184.9 0 35.9-1.7 67.7-9.9 93.9-36.2 26.2-26.2 34.4-58 36.2-93.9 2.1-37 2.1-147.8 0-184.8zM398.8 388c-7.8 19.6-22.9 34.7-42.6 42.6-29.5 11.7-99.5 9-132.1 9s-102.7 2.6-132.1-9c-19.6-7.8-34.7-22.9-42.6-42.6-11.7-29.5-9-99.5-9-132.1s-2.6-102.7 9-132.1c7.8-19.6 22.9-34.7 42.6-42.6 29.5-11.7 99.5-9 132.1-9s102.7-2.6 132.1 9c19.6 7.8 34.7 22.9 42.6 42.6 11.7 29.5 9 99.5 9 132.1s2.7 102.7-9 132.1z\"><\/path><\/svg>\t\t\t\t\t<\/a>\n\t\t\t\t<\/span>\n\t\t\t\t\t\t\t<span class=\"elementor-grid-item\" role=\"listitem\">\n\t\t\t\t\t<a class=\"elementor-icon elementor-social-icon elementor-social-icon-youtube elementor-animation-grow elementor-repeater-item-1cfae18\" target=\"_blank\">\n\t\t\t\t\t\t<span class=\"elementor-screen-only\">Youtube<\/span>\n\t\t\t\t\t\t<svg aria-hidden=\"true\" class=\"e-font-icon-svg e-fab-youtube\" viewBox=\"0 0 576 512\" xmlns=\"http:\/\/www.w3.org\/2000\/svg\"><path d=\"M549.655 124.083c-6.281-23.65-24.787-42.276-48.284-48.597C458.781 64 288 64 288 64S117.22 64 74.629 75.486c-23.497 6.322-42.003 24.947-48.284 48.597-11.412 42.867-11.412 132.305-11.412 132.305s0 89.438 11.412 132.305c6.281 23.65 24.787 41.5 48.284 47.821C117.22 448 288 448 288 448s170.78 0 213.371-11.486c23.497-6.321 42.003-24.171 48.284-47.821 11.412-42.867 11.412-132.305 11.412-132.305s0-89.438-11.412-132.305zm-317.51 213.508V175.185l142.739 81.205-142.739 81.201z\"><\/path><\/svg>\t\t\t\t\t<\/a>\n\t\t\t\t<\/span>\n\t\t\t\t\t\t\t<span class=\"elementor-grid-item\" role=\"listitem\">\n\t\t\t\t\t<a class=\"elementor-icon elementor-social-icon elementor-social-icon-pinterest elementor-animation-grow elementor-repeater-item-6b9a598\" target=\"_blank\">\n\t\t\t\t\t\t<span class=\"elementor-screen-only\">Pinterest<\/span>\n\t\t\t\t\t\t<svg aria-hidden=\"true\" class=\"e-font-icon-svg e-fab-pinterest\" viewBox=\"0 0 496 512\" xmlns=\"http:\/\/www.w3.org\/2000\/svg\"><path d=\"M496 256c0 137-111 248-248 248-25.6 0-50.2-3.9-73.4-11.1 10.1-16.5 25.2-43.5 30.8-65 3-11.6 15.4-59 15.4-59 8.1 15.4 31.7 28.5 56.8 28.5 74.8 0 128.7-68.8 128.7-154.3 0-81.9-66.9-143.2-152.9-143.2-107 0-163.9 71.8-163.9 150.1 0 36.4 19.4 81.7 50.3 96.1 4.7 2.2 7.2 1.2 8.3-3.3.8-3.4 5-20.3 6.9-28.1.6-2.5.3-4.7-1.7-7.1-10.1-12.5-18.3-35.3-18.3-56.6 0-54.7 41.4-107.6 112-107.6 60.9 0 103.6 41.5 103.6 100.9 0 67.1-33.9 113.6-78 113.6-24.3 0-42.6-20.1-36.7-44.8 7-29.5 20.5-61.3 20.5-82.6 0-19-10.2-34.9-31.4-34.9-24.9 0-44.9 25.7-44.9 60.2 0 22 7.4 36.8 7.4 36.8s-24.5 103.8-29 123.2c-5 21.4-3 51.6-.9 71.2C65.4 450.9 0 361.1 0 256 0 119 111 8 248 8s248 111 248 248z\"><\/path><\/svg>\t\t\t\t\t<\/a>\n\t\t\t\t<\/span>\n\t\t\t\t\t<\/div>\n\t\t\t\t\t\t<\/div>\n\t\t\t\t<\/div>\n\t\t\t\t\t<\/div>\n\t\t<\/div>\n\t\t\t\t\t<\/div>\n\t\t<\/section>\n\t\t\t\t<\/div>\n\t\t","protected":false},"excerpt":{"rendered":"<p>Llegar a Golden Sea Nuestra ubicaci\u00f3n La Isla de Providencia, hist\u00f3ricamente Old Providence, es una isla monta\u00f1osa del Caribe colombiano que forma parte del Archipi\u00e9lago de San Andr\u00e9s, Providencia y Santa Catalina, y de la minicopa de Providencia y la Isla Santa Catalina, ubicada entre Costa Rica y Jamaica. La elevaci\u00f3n m\u00e1xima de Providencia es [&hellip;]<\/p>\n","protected":false},"author":1,"featured_media":0,"parent":0,"menu_order":0,"comment_status":"closed","ping_status":"closed","template":"elementor_header_footer","meta":{"_joinchat":[],"footnotes":""},"class_list":["post-2054","page","type-page","status-publish","hentry"],"yoast_head":"<!-- This site is optimized with the Yoast SEO Premium plugin v27.3 (Yoast SEO v27.3) - https:\/\/yoast.com\/product\/yoast-seo-premium-wordpress\/ -->\n<title>C\u00f3mo llegar - Golden Sea Casa Boutique<\/title>\n<meta name=\"robots\" content=\"index, follow, max-snippet:-1, max-image-preview:large, max-video-preview:-1\" \/>\n<link rel=\"canonical\" href=\"https:\/\/goldenseaprovidence.com\/es\/como-llegar\/\" \/>\n<meta property=\"og:locale\" content=\"es_ES\" \/>\n<meta property=\"og:type\" content=\"article\" \/>\n<meta property=\"og:title\" content=\"C\u00f3mo llegar\" \/>\n<meta property=\"og:description\" content=\"Llegar a Golden Sea Nuestra ubicaci\u00f3n La Isla de Providencia, hist\u00f3ricamente Old Providence, es una isla monta\u00f1osa del Caribe colombiano que forma parte del Archipi\u00e9lago de San Andr\u00e9s, Providencia y Santa Catalina, y de la minicopa de Providencia y la Isla Santa Catalina, ubicada entre Costa Rica y Jamaica. La elevaci\u00f3n m\u00e1xima de Providencia es [&hellip;]\" \/>\n<meta property=\"og:url\" content=\"https:\/\/goldenseaprovidence.com\/es\/como-llegar\/\" \/>\n<meta property=\"og:site_name\" content=\"Golden Sea Casa Boutique\" \/>\n<meta property=\"article:modified_time\" content=\"2023-07-06T20:44:58+00:00\" \/>\n<meta name=\"twitter:card\" content=\"summary_large_image\" \/>\n<meta name=\"twitter:label1\" content=\"Tiempo de lectura\" \/>\n\t<meta name=\"twitter:data1\" content=\"2 minutos\" \/>\n<script type=\"application\/ld+json\" class=\"yoast-schema-graph\">{\"@context\":\"https:\\\/\\\/schema.org\",\"@graph\":[{\"@type\":\"WebPage\",\"@id\":\"https:\\\/\\\/goldenseaprovidence.com\\\/es\\\/como-llegar\\\/\",\"url\":\"https:\\\/\\\/goldenseaprovidence.com\\\/es\\\/como-llegar\\\/\",\"name\":\"C\u00f3mo llegar - Golden Sea Casa Boutique\",\"isPartOf\":{\"@id\":\"https:\\\/\\\/goldenseaprovidence.com\\\/es\\\/#website\"},\"datePublished\":\"2022-03-25T01:44:47+00:00\",\"dateModified\":\"2023-07-06T20:44:58+00:00\",\"breadcrumb\":{\"@id\":\"https:\\\/\\\/goldenseaprovidence.com\\\/es\\\/como-llegar\\\/#breadcrumb\"},\"inLanguage\":\"es\",\"potentialAction\":[{\"@type\":\"ReadAction\",\"target\":[\"https:\\\/\\\/goldenseaprovidence.com\\\/es\\\/como-llegar\\\/\"]}]},{\"@type\":\"BreadcrumbList\",\"@id\":\"https:\\\/\\\/goldenseaprovidence.com\\\/es\\\/como-llegar\\\/#breadcrumb\",\"itemListElement\":[{\"@type\":\"ListItem\",\"position\":1,\"name\":\"Home\",\"item\":\"https:\\\/\\\/goldenseaprovidence.com\\\/es\\\/\"},{\"@type\":\"ListItem\",\"position\":2,\"name\":\"C\u00f3mo llegar\"}]},{\"@type\":\"WebSite\",\"@id\":\"https:\\\/\\\/goldenseaprovidence.com\\\/es\\\/#website\",\"url\":\"https:\\\/\\\/goldenseaprovidence.com\\\/es\\\/\",\"name\":\"Golden Sea Casa Boutique\",\"description\":\"Golden Sea Casa Boutique is located in the magical Island of Old Providence, where laid back luxury and caribbean vibes meet.\",\"publisher\":{\"@id\":\"https:\\\/\\\/goldenseaprovidence.com\\\/es\\\/#organization\"},\"potentialAction\":[{\"@type\":\"SearchAction\",\"target\":{\"@type\":\"EntryPoint\",\"urlTemplate\":\"https:\\\/\\\/goldenseaprovidence.com\\\/es\\\/?s={search_term_string}\"},\"query-input\":{\"@type\":\"PropertyValueSpecification\",\"valueRequired\":true,\"valueName\":\"search_term_string\"}}],\"inLanguage\":\"es\"},{\"@type\":\"Organization\",\"@id\":\"https:\\\/\\\/goldenseaprovidence.com\\\/es\\\/#organization\",\"name\":\"Golden Sea Casa Boutique\",\"url\":\"https:\\\/\\\/goldenseaprovidence.com\\\/es\\\/\",\"logo\":{\"@type\":\"ImageObject\",\"inLanguage\":\"es\",\"@id\":\"https:\\\/\\\/goldenseaprovidence.com\\\/es\\\/#\\\/schema\\\/logo\\\/image\\\/\",\"url\":\"\\\/wp-content\\\/uploads\\\/2022\\\/03\\\/Golden-Sea-logo-AI-1.png\",\"contentUrl\":\"\\\/wp-content\\\/uploads\\\/2022\\\/03\\\/Golden-Sea-logo-AI-1.png\",\"width\":1006,\"height\":721,\"caption\":\"Golden Sea Casa Boutique\"},\"image\":{\"@id\":\"https:\\\/\\\/goldenseaprovidence.com\\\/es\\\/#\\\/schema\\\/logo\\\/image\\\/\"},\"sameAs\":[\"https:\\\/\\\/instagram.com\\\/goldenseaprovidence?igshid=YmMyMTA2M2Y\",\"https:\\\/\\\/www.youtube.com\\\/channel\\\/UC1rvSWzaFVEQLWMWVcfclAw\"]}]}<\/script>\n<!-- \/ Yoast SEO Premium plugin. -->","yoast_head_json":{"title":"C\u00f3mo llegar - Golden Sea Casa Boutique","robots":{"index":"index","follow":"follow","max-snippet":"max-snippet:-1","max-image-preview":"max-image-preview:large","max-video-preview":"max-video-preview:-1"},"canonical":"https:\/\/goldenseaprovidence.com\/es\/como-llegar\/","og_locale":"es_ES","og_type":"article","og_title":"C\u00f3mo llegar","og_description":"Llegar a Golden Sea Nuestra ubicaci\u00f3n La Isla de Providencia, hist\u00f3ricamente Old Providence, es una isla monta\u00f1osa del Caribe colombiano que forma parte del Archipi\u00e9lago de San Andr\u00e9s, Providencia y Santa Catalina, y de la minicopa de Providencia y la Isla Santa Catalina, ubicada entre Costa Rica y Jamaica. La elevaci\u00f3n m\u00e1xima de Providencia es [&hellip;]","og_url":"https:\/\/goldenseaprovidence.com\/es\/como-llegar\/","og_site_name":"Golden Sea Casa Boutique","article_modified_time":"2023-07-06T20:44:58+00:00","twitter_card":"summary_large_image","twitter_misc":{"Tiempo de lectura":"2 minutos"},"schema":{"@context":"https:\/\/schema.org","@graph":[{"@type":"WebPage","@id":"https:\/\/goldenseaprovidence.com\/es\/como-llegar\/","url":"https:\/\/goldenseaprovidence.com\/es\/como-llegar\/","name":"C\u00f3mo llegar - Golden Sea Casa Boutique","isPartOf":{"@id":"https:\/\/goldenseaprovidence.com\/es\/#website"},"datePublished":"2022-03-25T01:44:47+00:00","dateModified":"2023-07-06T20:44:58+00:00","breadcrumb":{"@id":"https:\/\/goldenseaprovidence.com\/es\/como-llegar\/#breadcrumb"},"inLanguage":"es","potentialAction":[{"@type":"ReadAction","target":["https:\/\/goldenseaprovidence.com\/es\/como-llegar\/"]}]},{"@type":"BreadcrumbList","@id":"https:\/\/goldenseaprovidence.com\/es\/como-llegar\/#breadcrumb","itemListElement":[{"@type":"ListItem","position":1,"name":"Home","item":"https:\/\/goldenseaprovidence.com\/es\/"},{"@type":"ListItem","position":2,"name":"C\u00f3mo llegar"}]},{"@type":"WebSite","@id":"https:\/\/goldenseaprovidence.com\/es\/#website","url":"https:\/\/goldenseaprovidence.com\/es\/","name":"Golden Sea Casa Boutique","description":"Golden Sea Casa Boutique is located in the magical Island of Old Providence, where laid back luxury and caribbean vibes meet.","publisher":{"@id":"https:\/\/goldenseaprovidence.com\/es\/#organization"},"potentialAction":[{"@type":"SearchAction","target":{"@type":"EntryPoint","urlTemplate":"https:\/\/goldenseaprovidence.com\/es\/?s={search_term_string}"},"query-input":{"@type":"PropertyValueSpecification","valueRequired":true,"valueName":"search_term_string"}}],"inLanguage":"es"},{"@type":"Organization","@id":"https:\/\/goldenseaprovidence.com\/es\/#organization","name":"Golden Sea Casa Boutique","url":"https:\/\/goldenseaprovidence.com\/es\/","logo":{"@type":"ImageObject","inLanguage":"es","@id":"https:\/\/goldenseaprovidence.com\/es\/#\/schema\/logo\/image\/","url":"\/wp-content\/uploads\/2022\/03\/Golden-Sea-logo-AI-1.png","contentUrl":"\/wp-content\/uploads\/2022\/03\/Golden-Sea-logo-AI-1.png","width":1006,"height":721,"caption":"Golden Sea Casa Boutique"},"image":{"@id":"https:\/\/goldenseaprovidence.com\/es\/#\/schema\/logo\/image\/"},"sameAs":["https:\/\/instagram.com\/goldenseaprovidence?igshid=YmMyMTA2M2Y","https:\/\/www.youtube.com\/channel\/UC1rvSWzaFVEQLWMWVcfclAw"]}]}},"_links":{"self":[{"href":"https:\/\/goldenseaprovidence.com\/es\/wp-json\/wp\/v2\/pages\/2054","targetHints":{"allow":["GET"]}}],"collection":[{"href":"https:\/\/goldenseaprovidence.com\/es\/wp-json\/wp\/v2\/pages"}],"about":[{"href":"https:\/\/goldenseaprovidence.com\/es\/wp-json\/wp\/v2\/types\/page"}],"author":[{"embeddable":true,"href":"https:\/\/goldenseaprovidence.com\/es\/wp-json\/wp\/v2\/users\/1"}],"replies":[{"embeddable":true,"href":"https:\/\/goldenseaprovidence.com\/es\/wp-json\/wp\/v2\/comments?post=2054"}],"version-history":[{"count":0,"href":"https:\/\/goldenseaprovidence.com\/es\/wp-json\/wp\/v2\/pages\/2054\/revisions"}],"wp:attachment":[{"href":"https:\/\/goldenseaprovidence.com\/es\/wp-json\/wp\/v2\/media?parent=2054"}],"curies":[{"name":"wp","href":"https:\/\/api.w.org\/{rel}","templated":true}]}}