{"id":3906,"date":"2023-04-11T21:02:07","date_gmt":"2023-04-12T02:02:07","guid":{"rendered":"https:\/\/goldenseaprovidence.com\/blog\/"},"modified":"2023-04-12T12:10:22","modified_gmt":"2023-04-12T17:10:22","slug":"blog","status":"publish","type":"page","link":"https:\/\/goldenseaprovidence.com\/es\/blog\/","title":{"rendered":"Blog"},"content":{"rendered":"\t\t<div data-elementor-type=\"wp-page\" data-elementor-id=\"3906\" class=\"elementor elementor-3906 elementor-3799\" data-elementor-post-type=\"page\">\n\t\t\t\t\t\t<section class=\"elementor-section elementor-top-section elementor-element elementor-element-57f2d120 elementor-section-height-min-height elementor-section-full_width elementor-section-items-stretch elementor-section-content-middle elementor-section-height-default\" data-id=\"57f2d120\" data-element_type=\"section\" data-e-type=\"section\" data-settings=\"{&quot;background_background&quot;:&quot;classic&quot;}\">\n\t\t\t\t\t\t\t<div class=\"elementor-background-overlay\"><\/div>\n\t\t\t\t\t\t\t<div class=\"elementor-container elementor-column-gap-default\">\n\t\t\t\t\t<div class=\"elementor-column elementor-col-100 elementor-top-column elementor-element elementor-element-1fcda08d\" data-id=\"1fcda08d\" data-element_type=\"column\" data-e-type=\"column\">\n\t\t\t<div class=\"elementor-widget-wrap elementor-element-populated\">\n\t\t\t\t\t\t<div class=\"elementor-element elementor-element-37dc4630 elementor-widget elementor-widget-heading\" data-id=\"37dc4630\" data-element_type=\"widget\" data-e-type=\"widget\" data-widget_type=\"heading.default\">\n\t\t\t\t<div class=\"elementor-widget-container\">\n\t\t\t\t\t<h4 class=\"elementor-heading-title elementor-size-default\">Latest blog post<\/h4>\t\t\t\t<\/div>\n\t\t\t\t<\/div>\n\t\t\t\t\t<\/div>\n\t\t<\/div>\n\t\t\t\t\t<\/div>\n\t\t<\/section>\n\t\t<div class=\"elementor-element elementor-element-4a60771 e-con-full e-flex e-con e-parent\" data-id=\"4a60771\" data-element_type=\"container\" data-e-type=\"container\" data-settings=\"{&quot;background_background&quot;:&quot;classic&quot;}\">\n\t\t\t\t<div class=\"elementor-element elementor-element-18b14971 elementor-posts--align-center elementor-grid-3 elementor-grid-tablet-2 elementor-grid-mobile-1 elementor-posts--thumbnail-top elementor-widget elementor-widget-posts\" data-id=\"18b14971\" data-element_type=\"widget\" data-e-type=\"widget\" data-settings=\"{&quot;classic_row_gap&quot;:{&quot;unit&quot;:&quot;px&quot;,&quot;size&quot;:175,&quot;sizes&quot;:[]},&quot;classic_row_gap_tablet&quot;:{&quot;unit&quot;:&quot;px&quot;,&quot;size&quot;:40,&quot;sizes&quot;:[]},&quot;classic_row_gap_mobile&quot;:{&quot;unit&quot;:&quot;px&quot;,&quot;size&quot;:60,&quot;sizes&quot;:[]},&quot;pagination_type&quot;:&quot;prev_next&quot;,&quot;classic_masonry&quot;:&quot;yes&quot;,&quot;classic_columns&quot;:&quot;3&quot;,&quot;classic_columns_tablet&quot;:&quot;2&quot;,&quot;classic_columns_mobile&quot;:&quot;1&quot;}\" data-widget_type=\"posts.classic\">\n\t\t\t\t<div class=\"elementor-widget-container\">\n\t\t\t\t\t\t\t<div class=\"elementor-posts-container elementor-posts elementor-posts--skin-classic elementor-grid\" role=\"list\">\n\t\t\t\t<article class=\"elementor-post elementor-grid-item post-4122 post type-post status-publish format-standard has-post-thumbnail hentry category-sin-categorizar\" role=\"listitem\">\n\t\t\t\t<a class=\"elementor-post__thumbnail__link\" href=\"https:\/\/goldenseaprovidence.com\/es\/la-importancia-de-alquilar-un-medio-de-transporte-en-providence\/\" tabindex=\"-1\" >\n\t\t\t<div class=\"elementor-post__thumbnail\"><img fetchpriority=\"high\" decoding=\"async\" width=\"768\" height=\"574\" src=\"https:\/\/goldenseaprovidence.com\/wp-content\/uploads\/2023\/05\/Mobility-at-Golden-Sea-Providence-Providencia-Island-2-768x574.jpg\" class=\"attachment-medium_large size-medium_large wp-image-4115\" alt=\"\" srcset=\"https:\/\/goldenseaprovidence.com\/wp-content\/uploads\/2023\/05\/Mobility-at-Golden-Sea-Providence-Providencia-Island-2-768x574.jpg 768w, https:\/\/goldenseaprovidence.com\/wp-content\/uploads\/2023\/05\/Mobility-at-Golden-Sea-Providence-Providencia-Island-2-300x224.jpg 300w, https:\/\/goldenseaprovidence.com\/wp-content\/uploads\/2023\/05\/Mobility-at-Golden-Sea-Providence-Providencia-Island-2-1024x766.jpg 1024w, https:\/\/goldenseaprovidence.com\/wp-content\/uploads\/2023\/05\/Mobility-at-Golden-Sea-Providence-Providencia-Island-2.jpg 1284w\" sizes=\"(max-width: 768px) 100vw, 768px\" \/><\/div>\n\t\t<\/a>\n\t\t\t\t<div class=\"elementor-post__text\">\n\t\t\t\t<h3 class=\"elementor-post__title\">\n\t\t\t<a href=\"https:\/\/goldenseaprovidence.com\/es\/la-importancia-de-alquilar-un-medio-de-transporte-en-providence\/\" >\n\t\t\t\tDescubre la Libertad en la Isla de Providencia: La Importancia de Alquilar un Medio de Transporte en Golden Sea Providence\t\t\t<\/a>\n\t\t<\/h3>\n\t\t\t\t<div class=\"elementor-post__meta-data\">\n\t\t\t\t\t<span class=\"elementor-post-date\">\n\t\t\t31 de mayo de 2023\t\t<\/span>\n\t\t\t\t<\/div>\n\t\t\t\t<div class=\"elementor-post__excerpt\">\n\t\t\t<p>En este art\u00edculo, exploraremos la importancia de alquilar un medio de transporte mientras te hospedas en Golden Sea Providence para moverte con facilidad por la isla y descubrir sus m\u00e1gicas playas y lugares emblem\u00e1ticos<\/p>\n\t\t<\/div>\n\t\t\n\t\t<a class=\"elementor-post__read-more\" href=\"https:\/\/goldenseaprovidence.com\/es\/la-importancia-de-alquilar-un-medio-de-transporte-en-providence\/\" aria-label=\"M\u00e1s informaci\u00f3n sobre Descubre la Libertad en la Isla de Providencia: La Importancia de Alquilar un Medio de Transporte en Golden Sea Providence\" tabindex=\"-1\" >\n\t\t\tRead more\t\t<\/a>\n\n\t\t\t\t<\/div>\n\t\t\t\t<\/article>\n\t\t\t\t<article class=\"elementor-post elementor-grid-item post-4076 post type-post status-publish format-standard has-post-thumbnail hentry category-sin-categorizar\" role=\"listitem\">\n\t\t\t\t<a class=\"elementor-post__thumbnail__link\" href=\"https:\/\/goldenseaprovidence.com\/es\/un-paraiso-submarino-para-buceadores-de-todos-los-niveles\/\" tabindex=\"-1\" >\n\t\t\t<div class=\"elementor-post__thumbnail\"><img decoding=\"async\" width=\"768\" height=\"447\" src=\"https:\/\/goldenseaprovidence.com\/wp-content\/uploads\/2023\/05\/An-Underwater-Paradise-for-Divers-of-All-Levels-768x447.jpg\" class=\"attachment-medium_large size-medium_large wp-image-4048\" alt=\"\" srcset=\"https:\/\/goldenseaprovidence.com\/wp-content\/uploads\/2023\/05\/An-Underwater-Paradise-for-Divers-of-All-Levels-768x447.jpg 768w, https:\/\/goldenseaprovidence.com\/wp-content\/uploads\/2023\/05\/An-Underwater-Paradise-for-Divers-of-All-Levels-300x174.jpg 300w, https:\/\/goldenseaprovidence.com\/wp-content\/uploads\/2023\/05\/An-Underwater-Paradise-for-Divers-of-All-Levels-1024x595.jpg 1024w, https:\/\/goldenseaprovidence.com\/wp-content\/uploads\/2023\/05\/An-Underwater-Paradise-for-Divers-of-All-Levels-1536x893.jpg 1536w, https:\/\/goldenseaprovidence.com\/wp-content\/uploads\/2023\/05\/An-Underwater-Paradise-for-Divers-of-All-Levels.jpg 2000w\" sizes=\"(max-width: 768px) 100vw, 768px\" \/><\/div>\n\t\t<\/a>\n\t\t\t\t<div class=\"elementor-post__text\">\n\t\t\t\t<h3 class=\"elementor-post__title\">\n\t\t\t<a href=\"https:\/\/goldenseaprovidence.com\/es\/un-paraiso-submarino-para-buceadores-de-todos-los-niveles\/\" >\n\t\t\t\tDescubre la m\u00e1gica Isla de Providencia: Un para\u00edso submarino para buceadores de todos los niveles\t\t\t<\/a>\n\t\t<\/h3>\n\t\t\t\t<div class=\"elementor-post__meta-data\">\n\t\t\t\t\t<span class=\"elementor-post-date\">\n\t\t\t30 de mayo de 2023\t\t<\/span>\n\t\t\t\t<\/div>\n\t\t\t\t<div class=\"elementor-post__excerpt\">\n\t\t\t<p>T\u00edtulo: Descubre la m\u00e1gica Isla de Providencia: Un para\u00edso submarino para buceadores de todos los niveles La Isla de Providencia, ubicada en el mar Caribe<\/p>\n\t\t<\/div>\n\t\t\n\t\t<a class=\"elementor-post__read-more\" href=\"https:\/\/goldenseaprovidence.com\/es\/un-paraiso-submarino-para-buceadores-de-todos-los-niveles\/\" aria-label=\"M\u00e1s informaci\u00f3n sobre Descubre la m\u00e1gica Isla de Providencia: Un para\u00edso submarino para buceadores de todos los niveles\" tabindex=\"-1\" >\n\t\t\tRead more\t\t<\/a>\n\n\t\t\t\t<\/div>\n\t\t\t\t<\/article>\n\t\t\t\t<article class=\"elementor-post elementor-grid-item post-3977 post type-post status-publish format-standard has-post-thumbnail hentry category-sin-categorizar\" role=\"listitem\">\n\t\t\t\t<a class=\"elementor-post__thumbnail__link\" href=\"https:\/\/goldenseaprovidence.com\/es\/no-te-pierdas-los-top-5-para-hacer-en-la-isla-de-providencia\/\" tabindex=\"-1\" >\n\t\t\t<div class=\"elementor-post__thumbnail\"><img decoding=\"async\" width=\"768\" height=\"576\" src=\"https:\/\/goldenseaprovidence.com\/wp-content\/uploads\/2023\/04\/THEPEAK5-768x576.jpg\" class=\"attachment-medium_large size-medium_large wp-image-3973\" alt=\"\" srcset=\"https:\/\/goldenseaprovidence.com\/wp-content\/uploads\/2023\/04\/THEPEAK5-768x576.jpg 768w, https:\/\/goldenseaprovidence.com\/wp-content\/uploads\/2023\/04\/THEPEAK5-300x225.jpg 300w, https:\/\/goldenseaprovidence.com\/wp-content\/uploads\/2023\/04\/THEPEAK5-1024x768.jpg 1024w, https:\/\/goldenseaprovidence.com\/wp-content\/uploads\/2023\/04\/THEPEAK5-1536x1152.jpg 1536w, https:\/\/goldenseaprovidence.com\/wp-content\/uploads\/2023\/04\/THEPEAK5.jpg 2000w\" sizes=\"(max-width: 768px) 100vw, 768px\" \/><\/div>\n\t\t<\/a>\n\t\t\t\t<div class=\"elementor-post__text\">\n\t\t\t\t<h3 class=\"elementor-post__title\">\n\t\t\t<a href=\"https:\/\/goldenseaprovidence.com\/es\/no-te-pierdas-los-top-5-para-hacer-en-la-isla-de-providencia\/\" >\n\t\t\t\t\u00a1No te pierdas los top 5 para hacer en la Isla de Providencia!\t\t\t<\/a>\n\t\t<\/h3>\n\t\t\t\t<div class=\"elementor-post__meta-data\">\n\t\t\t\t\t<span class=\"elementor-post-date\">\n\t\t\t12 de abril de 2023\t\t<\/span>\n\t\t\t\t<\/div>\n\t\t\t\t<div class=\"elementor-post__excerpt\">\n\t\t\t<p>Si est\u00e1s planeando un viaje a la Isla Providencia, Colombia, \u00a1estar\u00e1s en un verdadero para\u00edso! Aqu\u00ed est\u00e1n las 5 mejores cosas que hacer al visitar la Isla Providencia:<\/p>\n\t\t<\/div>\n\t\t\n\t\t<a class=\"elementor-post__read-more\" href=\"https:\/\/goldenseaprovidence.com\/es\/no-te-pierdas-los-top-5-para-hacer-en-la-isla-de-providencia\/\" aria-label=\"M\u00e1s informaci\u00f3n sobre \u00a1No te pierdas los top 5 para hacer en la Isla de Providencia!\" tabindex=\"-1\" >\n\t\t\tRead more\t\t<\/a>\n\n\t\t\t\t<\/div>\n\t\t\t\t<\/article>\n\t\t\t\t<article class=\"elementor-post elementor-grid-item post-3905 post type-post status-publish format-standard has-post-thumbnail hentry category-sin-categorizar\" role=\"listitem\">\n\t\t\t\t<a class=\"elementor-post__thumbnail__link\" href=\"https:\/\/goldenseaprovidence.com\/es\/barrera-coralina-en-providencia\/\" tabindex=\"-1\" >\n\t\t\t<div class=\"elementor-post__thumbnail\"><img loading=\"lazy\" decoding=\"async\" width=\"768\" height=\"432\" src=\"https:\/\/goldenseaprovidence.com\/wp-content\/uploads\/2022\/05\/Paddle-drone-2-768x432.jpg\" class=\"attachment-medium_large size-medium_large wp-image-981\" alt=\"\" srcset=\"https:\/\/goldenseaprovidence.com\/wp-content\/uploads\/2022\/05\/Paddle-drone-2-768x432.jpg 768w, https:\/\/goldenseaprovidence.com\/wp-content\/uploads\/2022\/05\/Paddle-drone-2-300x169.jpg 300w, https:\/\/goldenseaprovidence.com\/wp-content\/uploads\/2022\/05\/Paddle-drone-2-1024x576.jpg 1024w, https:\/\/goldenseaprovidence.com\/wp-content\/uploads\/2022\/05\/Paddle-drone-2-1536x864.jpg 1536w, https:\/\/goldenseaprovidence.com\/wp-content\/uploads\/2022\/05\/Paddle-drone-2.jpg 2000w\" sizes=\"(max-width: 768px) 100vw, 768px\" \/><\/div>\n\t\t<\/a>\n\t\t\t\t<div class=\"elementor-post__text\">\n\t\t\t\t<h3 class=\"elementor-post__title\">\n\t\t\t<a href=\"https:\/\/goldenseaprovidence.com\/es\/barrera-coralina-en-providencia\/\" >\n\t\t\t\tBarrera coralina en Providencia\t\t\t<\/a>\n\t\t<\/h3>\n\t\t\t\t<div class=\"elementor-post__meta-data\">\n\t\t\t\t\t<span class=\"elementor-post-date\">\n\t\t\t24 de marzo de 2022\t\t<\/span>\n\t\t\t\t<\/div>\n\t\t\t\t<div class=\"elementor-post__excerpt\">\n\t\t\t<p>Ubicada en el mar Caribe, la isla de Providencia es uno de los secretos mejor guardados de Colombia.<\/p>\n\t\t<\/div>\n\t\t\n\t\t<a class=\"elementor-post__read-more\" href=\"https:\/\/goldenseaprovidence.com\/es\/barrera-coralina-en-providencia\/\" aria-label=\"M\u00e1s informaci\u00f3n sobre Barrera coralina en Providencia\" tabindex=\"-1\" >\n\t\t\tRead more\t\t<\/a>\n\n\t\t\t\t<\/div>\n\t\t\t\t<\/article>\n\t\t\t\t<\/div>\n\t\t\n\t\t\t\t\t\t<\/div>\n\t\t\t\t<\/div>\n\t\t\t\t<\/div>\n\t\t\t\t<\/div>\n\t\t","protected":false},"excerpt":{"rendered":"<p>Latest blog post<\/p>\n","protected":false},"author":1,"featured_media":0,"parent":0,"menu_order":0,"comment_status":"closed","ping_status":"closed","template":"elementor_header_footer","meta":{"_joinchat":[],"footnotes":""},"class_list":["post-3906","page","type-page","status-publish","hentry"],"yoast_head":"<!-- This site is optimized with the Yoast SEO Premium plugin v27.3 (Yoast SEO v27.3) - https:\/\/yoast.com\/product\/yoast-seo-premium-wordpress\/ -->\n<title>Blog - Golden Sea Casa Boutique<\/title>\n<meta name=\"robots\" content=\"index, follow, max-snippet:-1, max-image-preview:large, max-video-preview:-1\" \/>\n<link rel=\"canonical\" href=\"https:\/\/goldenseaprovidence.com\/es\/blog\/\" \/>\n<meta property=\"og:locale\" content=\"es_ES\" \/>\n<meta property=\"og:type\" content=\"article\" \/>\n<meta property=\"og:title\" content=\"Blog\" \/>\n<meta property=\"og:description\" content=\"Latest blog post\" \/>\n<meta property=\"og:url\" content=\"https:\/\/goldenseaprovidence.com\/es\/blog\/\" \/>\n<meta property=\"og:site_name\" content=\"Golden Sea Casa Boutique\" \/>\n<meta property=\"article:modified_time\" content=\"2023-04-12T17:10:22+00:00\" \/>\n<meta name=\"twitter:card\" content=\"summary_large_image\" \/>\n<meta name=\"twitter:label1\" content=\"Tiempo de lectura\" \/>\n\t<meta name=\"twitter:data1\" content=\"1 minuto\" \/>\n<script type=\"application\/ld+json\" class=\"yoast-schema-graph\">{\"@context\":\"https:\\\/\\\/schema.org\",\"@graph\":[{\"@type\":\"WebPage\",\"@id\":\"https:\\\/\\\/goldenseaprovidence.com\\\/es\\\/blog\\\/\",\"url\":\"https:\\\/\\\/goldenseaprovidence.com\\\/es\\\/blog\\\/\",\"name\":\"Blog - Golden Sea Casa Boutique\",\"isPartOf\":{\"@id\":\"https:\\\/\\\/goldenseaprovidence.com\\\/es\\\/#website\"},\"datePublished\":\"2023-04-12T02:02:07+00:00\",\"dateModified\":\"2023-04-12T17:10:22+00:00\",\"breadcrumb\":{\"@id\":\"https:\\\/\\\/goldenseaprovidence.com\\\/es\\\/blog\\\/#breadcrumb\"},\"inLanguage\":\"es\",\"potentialAction\":[{\"@type\":\"ReadAction\",\"target\":[\"https:\\\/\\\/goldenseaprovidence.com\\\/es\\\/blog\\\/\"]}]},{\"@type\":\"BreadcrumbList\",\"@id\":\"https:\\\/\\\/goldenseaprovidence.com\\\/es\\\/blog\\\/#breadcrumb\",\"itemListElement\":[{\"@type\":\"ListItem\",\"position\":1,\"name\":\"Home\",\"item\":\"https:\\\/\\\/goldenseaprovidence.com\\\/es\\\/\"},{\"@type\":\"ListItem\",\"position\":2,\"name\":\"Blog\"}]},{\"@type\":\"WebSite\",\"@id\":\"https:\\\/\\\/goldenseaprovidence.com\\\/es\\\/#website\",\"url\":\"https:\\\/\\\/goldenseaprovidence.com\\\/es\\\/\",\"name\":\"Golden Sea Casa Boutique\",\"description\":\"Golden Sea Casa Boutique is located in the magical Island of Old Providence, where laid back luxury and caribbean vibes meet.\",\"publisher\":{\"@id\":\"https:\\\/\\\/goldenseaprovidence.com\\\/es\\\/#organization\"},\"potentialAction\":[{\"@type\":\"SearchAction\",\"target\":{\"@type\":\"EntryPoint\",\"urlTemplate\":\"https:\\\/\\\/goldenseaprovidence.com\\\/es\\\/?s={search_term_string}\"},\"query-input\":{\"@type\":\"PropertyValueSpecification\",\"valueRequired\":true,\"valueName\":\"search_term_string\"}}],\"inLanguage\":\"es\"},{\"@type\":\"Organization\",\"@id\":\"https:\\\/\\\/goldenseaprovidence.com\\\/es\\\/#organization\",\"name\":\"Golden Sea Casa Boutique\",\"url\":\"https:\\\/\\\/goldenseaprovidence.com\\\/es\\\/\",\"logo\":{\"@type\":\"ImageObject\",\"inLanguage\":\"es\",\"@id\":\"https:\\\/\\\/goldenseaprovidence.com\\\/es\\\/#\\\/schema\\\/logo\\\/image\\\/\",\"url\":\"\\\/wp-content\\\/uploads\\\/2022\\\/03\\\/Golden-Sea-logo-AI-1.png\",\"contentUrl\":\"\\\/wp-content\\\/uploads\\\/2022\\\/03\\\/Golden-Sea-logo-AI-1.png\",\"width\":1006,\"height\":721,\"caption\":\"Golden Sea Casa Boutique\"},\"image\":{\"@id\":\"https:\\\/\\\/goldenseaprovidence.com\\\/es\\\/#\\\/schema\\\/logo\\\/image\\\/\"},\"sameAs\":[\"https:\\\/\\\/instagram.com\\\/goldenseaprovidence?igshid=YmMyMTA2M2Y\",\"https:\\\/\\\/www.youtube.com\\\/channel\\\/UC1rvSWzaFVEQLWMWVcfclAw\"]}]}<\/script>\n<!-- \/ Yoast SEO Premium plugin. -->","yoast_head_json":{"title":"Blog - Golden Sea Casa Boutique","robots":{"index":"index","follow":"follow","max-snippet":"max-snippet:-1","max-image-preview":"max-image-preview:large","max-video-preview":"max-video-preview:-1"},"canonical":"https:\/\/goldenseaprovidence.com\/es\/blog\/","og_locale":"es_ES","og_type":"article","og_title":"Blog","og_description":"Latest blog post","og_url":"https:\/\/goldenseaprovidence.com\/es\/blog\/","og_site_name":"Golden Sea Casa Boutique","article_modified_time":"2023-04-12T17:10:22+00:00","twitter_card":"summary_large_image","twitter_misc":{"Tiempo de lectura":"1 minuto"},"schema":{"@context":"https:\/\/schema.org","@graph":[{"@type":"WebPage","@id":"https:\/\/goldenseaprovidence.com\/es\/blog\/","url":"https:\/\/goldenseaprovidence.com\/es\/blog\/","name":"Blog - Golden Sea Casa Boutique","isPartOf":{"@id":"https:\/\/goldenseaprovidence.com\/es\/#website"},"datePublished":"2023-04-12T02:02:07+00:00","dateModified":"2023-04-12T17:10:22+00:00","breadcrumb":{"@id":"https:\/\/goldenseaprovidence.com\/es\/blog\/#breadcrumb"},"inLanguage":"es","potentialAction":[{"@type":"ReadAction","target":["https:\/\/goldenseaprovidence.com\/es\/blog\/"]}]},{"@type":"BreadcrumbList","@id":"https:\/\/goldenseaprovidence.com\/es\/blog\/#breadcrumb","itemListElement":[{"@type":"ListItem","position":1,"name":"Home","item":"https:\/\/goldenseaprovidence.com\/es\/"},{"@type":"ListItem","position":2,"name":"Blog"}]},{"@type":"WebSite","@id":"https:\/\/goldenseaprovidence.com\/es\/#website","url":"https:\/\/goldenseaprovidence.com\/es\/","name":"Golden Sea Casa Boutique","description":"Golden Sea Casa Boutique is located in the magical Island of Old Providence, where laid back luxury and caribbean vibes meet.","publisher":{"@id":"https:\/\/goldenseaprovidence.com\/es\/#organization"},"potentialAction":[{"@type":"SearchAction","target":{"@type":"EntryPoint","urlTemplate":"https:\/\/goldenseaprovidence.com\/es\/?s={search_term_string}"},"query-input":{"@type":"PropertyValueSpecification","valueRequired":true,"valueName":"search_term_string"}}],"inLanguage":"es"},{"@type":"Organization","@id":"https:\/\/goldenseaprovidence.com\/es\/#organization","name":"Golden Sea Casa Boutique","url":"https:\/\/goldenseaprovidence.com\/es\/","logo":{"@type":"ImageObject","inLanguage":"es","@id":"https:\/\/goldenseaprovidence.com\/es\/#\/schema\/logo\/image\/","url":"\/wp-content\/uploads\/2022\/03\/Golden-Sea-logo-AI-1.png","contentUrl":"\/wp-content\/uploads\/2022\/03\/Golden-Sea-logo-AI-1.png","width":1006,"height":721,"caption":"Golden Sea Casa Boutique"},"image":{"@id":"https:\/\/goldenseaprovidence.com\/es\/#\/schema\/logo\/image\/"},"sameAs":["https:\/\/instagram.com\/goldenseaprovidence?igshid=YmMyMTA2M2Y","https:\/\/www.youtube.com\/channel\/UC1rvSWzaFVEQLWMWVcfclAw"]}]}},"_links":{"self":[{"href":"https:\/\/goldenseaprovidence.com\/es\/wp-json\/wp\/v2\/pages\/3906","targetHints":{"allow":["GET"]}}],"collection":[{"href":"https:\/\/goldenseaprovidence.com\/es\/wp-json\/wp\/v2\/pages"}],"about":[{"href":"https:\/\/goldenseaprovidence.com\/es\/wp-json\/wp\/v2\/types\/page"}],"author":[{"embeddable":true,"href":"https:\/\/goldenseaprovidence.com\/es\/wp-json\/wp\/v2\/users\/1"}],"replies":[{"embeddable":true,"href":"https:\/\/goldenseaprovidence.com\/es\/wp-json\/wp\/v2\/comments?post=3906"}],"version-history":[{"count":0,"href":"https:\/\/goldenseaprovidence.com\/es\/wp-json\/wp\/v2\/pages\/3906\/revisions"}],"wp:attachment":[{"href":"https:\/\/goldenseaprovidence.com\/es\/wp-json\/wp\/v2\/media?parent=3906"}],"curies":[{"name":"wp","href":"https:\/\/api.w.org\/{rel}","templated":true}]}}